{"id":316,"date":"2019-05-11T19:26:35","date_gmt":"2019-05-11T17:26:35","guid":{"rendered":"https:\/\/gmgs.ch\/?page_id=316"},"modified":"2019-05-11T19:26:36","modified_gmt":"2019-05-11T17:26:36","slug":"unsere-zuechter","status":"publish","type":"page","link":"https:\/\/gmgs.ch\/?page_id=316","title":{"rendered":"Unsere Z\u00fcchter"},"content":{"rendered":"\n<p>Folgende Z\u00fcchter sind Mitglied im GMGS<\/p>\n\n\n\n<p><a href=\"https:\/\/gmgs.ch\/?page_id=28\">Galgo Espa\u00f1ol <\/a><\/p>\n\n\n\n<p><a href=\"https:\/\/gmgs.ch\/?page_id=313\">Greyhound<\/a><\/p>\n\n\n\n<p><a href=\"https:\/\/gmgs.ch\/?page_id=311\">Magyar Ag\u00e1r<\/a><\/p>\n","protected":false},"excerpt":{"rendered":"<p>Folgende Z\u00fcchter sind Mitglied im GMGS Galgo Espa\u00f1ol Greyhound Magyar Ag\u00e1r<\/p>\n","protected":false},"author":1,"featured_media":0,"parent":0,"menu_order":0,"comment_status":"closed","ping_status":"closed","template":"","meta":{"footnotes":""},"class_list":["post-316","page","type-page","status-publish","hentry"],"_links":{"self":[{"href":"https:\/\/gmgs.ch\/index.php?rest_route=\/wp\/v2\/pages\/316","targetHints":{"allow":["GET"]}}],"collection":[{"href":"https:\/\/gmgs.ch\/index.php?rest_route=\/wp\/v2\/pages"}],"about":[{"href":"https:\/\/gmgs.ch\/index.php?rest_route=\/wp\/v2\/types\/page"}],"author":[{"embeddable":true,"href":"https:\/\/gmgs.ch\/index.php?rest_route=\/wp\/v2\/users\/1"}],"replies":[{"embeddable":true,"href":"https:\/\/gmgs.ch\/index.php?rest_route=%2Fwp%2Fv2%2Fcomments&post=316"}],"version-history":[{"count":1,"href":"https:\/\/gmgs.ch\/index.php?rest_route=\/wp\/v2\/pages\/316\/revisions"}],"predecessor-version":[{"id":317,"href":"https:\/\/gmgs.ch\/index.php?rest_route=\/wp\/v2\/pages\/316\/revisions\/317"}],"wp:attachment":[{"href":"https:\/\/gmgs.ch\/index.php?rest_route=%2Fwp%2Fv2%2Fmedia&parent=316"}],"curies":[{"name":"wp","href":"https:\/\/api.w.org\/{rel}","templated":true}]}}