{"id":26,"date":"2025-12-22T13:39:11","date_gmt":"2025-12-22T12:39:11","guid":{"rendered":"https:\/\/gmgs.ch\/?page_id=26"},"modified":"2025-12-22T13:39:12","modified_gmt":"2025-12-22T12:39:12","slug":"bulletin","status":"publish","type":"page","link":"https:\/\/gmgs.ch\/?page_id=26","title":{"rendered":"Bulletin"},"content":{"rendered":"\n<p>Regelm\u00e4ssig erhalten unsere Mitglieder das Vereinsbulletin, ganz altmodisch per Post und in Papier. Darin finden sich Resultate, aktuelle Informationen, Berichte von unseren Veranstaltungen und Lustiges aus der ganzen Welt. <\/p>\n\n\n\n<p>Heinz Keller  erstellt mit Unterst\u00fctzung von Susi Keller das Bulletin mit viel Liebe und Sorgfalt.  Er freut sich \u00fcber Beitr\u00e4ge jeder Art. <\/p>\n\n\n\n<p>Hier sind die letzten Bulletins als PDF zum Herunterladen &#8211; gratis. <\/p>\n\n\n\n<p>Ab Bulletin 75 gibt es die M\u00f6glichkeit, das Foto f\u00fcr das Titelblatt zu kaufen &#8211; Informationen gibt Heinz Keller gerne.<\/p>\n\n\n\n<div class=\"wp-block-file\"><a id=\"wp-block-file--media-729e52be-fd3d-4ed6-8b5a-8a2e9599fca3\" href=\"https:\/\/gmgs.ch\/wp-content\/uploads\/2025\/12\/Bulletin-76-Version-Homepage.pdf\" target=\"_blank\" rel=\"noreferrer noopener\">Bulletin 76 Winter 2025\/2026<\/a><\/div>\n\n\n\n<div class=\"wp-block-file\"><a id=\"wp-block-file--media-6c574622-f49a-4777-83d3-ece65f5cbbd6\" href=\"https:\/\/gmgs.ch\/wp-content\/uploads\/2025\/09\/Bulletin-75-Version-Homepage.pdf\" target=\"_blank\" rel=\"noreferrer noopener\">Bulletin 75 Sommer 2025<\/a><\/div>\n\n\n\n<div class=\"wp-block-file\"><a id=\"wp-block-file--media-478d82d4-88d6-4bee-9813-8d95608d306e\" href=\"https:\/\/gmgs.ch\/wp-content\/uploads\/2025\/02\/Bulletin-74-1.pdf\" target=\"_blank\" rel=\"noreferrer noopener\">Bulletin &#8211; 74 Winter 2024\/2025<\/a><\/div>\n\n\n\n<div class=\"wp-block-file\"><a id=\"wp-block-file--media-c57f0320-af78-4156-a0d7-3f7804c6a571\" href=\"https:\/\/gmgs.ch\/wp-content\/uploads\/2024\/08\/Bulletin-73.pdf\" target=\"_blank\" rel=\"noreferrer noopener\">Bulletin &#8211; 73 Sommer 2024<\/a><\/div>\n\n\n\n<div class=\"wp-block-file\"><a id=\"wp-block-file--media-15c5cff4-e854-487e-99a1-f33f1c014869\" href=\"https:\/\/gmgs.ch\/wp-content\/uploads\/2023\/12\/Bulletin-72.pdf\" target=\"_blank\" rel=\"noreferrer noopener\">Bulletin &#8211; 72 Winter 2023\/2024<\/a><\/div>\n\n\n\n<div class=\"wp-block-file\"><a id=\"wp-block-file--media-a03309cd-61f0-4f98-8f2b-99210283de79\" href=\"https:\/\/gmgs.ch\/wp-content\/uploads\/2023\/07\/Bulletin-71.pdf\" target=\"_blank\" rel=\"noreferrer noopener\">Bulletin &#8211; 71 Sommer 2023<\/a><\/div>\n\n\n\n<div class=\"wp-block-file\"><a id=\"wp-block-file--media-968873e5-9dc3-4a64-a6d8-2d071814dcf6\" href=\"https:\/\/gmgs.ch\/wp-content\/uploads\/2022\/12\/Bulletin-70.pdf\" target=\"_blank\" rel=\"noreferrer noopener\">Bulletin &#8211; 70 Winter 2022\/2023<\/a><\/div>\n\n\n\n<div class=\"wp-block-file\"><a id=\"wp-block-file--media-cfd7afba-de75-418e-9c26-3b5b21a52785\" href=\"https:\/\/gmgs.ch\/wp-content\/uploads\/2022\/07\/Bulletin-69.pdf\" target=\"_blank\" rel=\"noreferrer noopener\">Bulletin-69 Sommer 2022<\/a><\/div>\n\n\n\n<div class=\"wp-block-file\"><a id=\"wp-block-file--media-9301f8f8-b586-4a7f-a1ec-9b4be57d52bd\" href=\"https:\/\/gmgs.ch\/wp-content\/uploads\/2021\/12\/GMGS-Bulletin-68.pdf\" target=\"_blank\" rel=\"noreferrer noopener\">Bulletin-68 Winter 2021\/2022<\/a><\/div>\n\n\n\n<div class=\"wp-block-file\"><a id=\"wp-block-file--media-68003f9a-05a3-466a-abc2-7ae08042563f\" href=\"https:\/\/gmgs.ch\/wp-content\/uploads\/2021\/12\/GMGS-Bulletin-67.pdf\" target=\"_blank\" rel=\"noreferrer noopener\">Bulletin-67 Sommer 2021<\/a><\/div>\n\n\n\n<div class=\"wp-block-file\"><a id=\"wp-block-file--media-cff6f7c2-637f-47c6-8b6f-41e812be8474\" href=\"https:\/\/gmgs.ch\/wp-content\/uploads\/2021\/01\/Bulletin-66.pdf\" target=\"_blank\" rel=\"noreferrer noopener\">Bulletin-66 Winter 2020\/2021<\/a><\/div>\n\n\n\n<div class=\"wp-block-file\"><a id=\"wp-block-file--media-bbe6f5ff-09c0-416d-961b-b6af0f38773e\" href=\"https:\/\/gmgs.ch\/wp-content\/uploads\/2020\/07\/Bulletin-65.pdf\" target=\"_blank\" rel=\"noreferrer noopener\">Bulletin-65 Sommer 2020<\/a><\/div>\n\n\n\n<div class=\"wp-block-file\"><a id=\"wp-block-file--media-166295b7-be3a-4ba1-91df-f407f93a1ed2\" href=\"https:\/\/gmgs.ch\/wp-content\/uploads\/2019\/12\/Bulletin_64.pdf\" target=\"_blank\" rel=\"noreferrer noopener\">Bulletin_64 Winter 2019\/2020<\/a><\/div>\n\n\n\n<p><a rel=\"noreferrer noopener\" aria-label=\"Bulletin 62 Sommer 2019 (\u00f6ffnet in neuem Tab)\" href=\"https:\/\/gmgs.ch\/wp-content\/uploads\/2019\/10\/Bulletin-63.pdf\" target=\"_blank\">Bulletin 63 Sommer 2019<\/a><\/p>\n\n\n\n<div class=\"wp-block-file\"><a id=\"wp-block-file--media-8d08078f-18f7-4908-99bb-56ceeec94de1\" href=\"https:\/\/gmgs.ch\/wp-content\/uploads\/2019\/05\/Bulletin-62.pdf\" target=\"_blank\" rel=\"noreferrer noopener\">Bulletin 62 Winter 2018\/2019<\/a><\/div>\n\n\n\n<div class=\"wp-block-file\"><a id=\"wp-block-file--media-ff04078b-949c-4367-b596-580187ee3390\" href=\"https:\/\/gmgs.ch\/wp-content\/uploads\/2019\/05\/Bulletin-61.pdf\" target=\"_blank\" rel=\"noreferrer noopener\">Bulletin 61 Sommer 2018<\/a><\/div>\n\n\n\n<div class=\"wp-block-file\"><a id=\"wp-block-file--media-587dc1f4-c899-4d6e-91e0-6cfb0088a50f\" href=\"https:\/\/gmgs.ch\/wp-content\/uploads\/2019\/05\/Bulletin_60.pdf\" target=\"_blank\" rel=\"noreferrer noopener\">Bulletin 60 Winter 2017\/2018<\/a><\/div>\n\n\n\n<div class=\"wp-block-file\"><a id=\"wp-block-file--media-3935e9da-7b72-442a-9b0f-b69dd9beeed2\" href=\"https:\/\/gmgs.ch\/wp-content\/uploads\/2019\/05\/Bulletin-59.pdf\" target=\"_blank\" rel=\"noreferrer noopener\">Bulletin 59 Sommer 2017<\/a><\/div>\n\n\n\n<div class=\"wp-block-file\"><a id=\"wp-block-file--media-500ef26d-f1ca-4916-ac8d-b0c50698012f\" href=\"https:\/\/gmgs.ch\/wp-content\/uploads\/2019\/05\/Bulletin-58.pdf\" target=\"_blank\" rel=\"noreferrer noopener\">Bulletin 58 Winter 2016\/2017<\/a><\/div>\n\n\n\n<div class=\"wp-block-file\"><a id=\"wp-block-file--media-1bea32d0-1670-4f55-8c66-afe97e9a6265\" href=\"https:\/\/gmgs.ch\/wp-content\/uploads\/2019\/05\/Bulletin-57.pdf\" target=\"_blank\" rel=\"noreferrer noopener\">Bulletin 57 Sommer 2016<\/a><a href=\"https:\/\/gmgs.ch\/wp-content\/uploads\/2019\/05\/Bulletin-57.pdf\" class=\"wp-block-file__button wp-element-button\" download aria-describedby=\"wp-block-file--media-1bea32d0-1670-4f55-8c66-afe97e9a6265\">Herunterladen<\/a><\/div>\n\n\n\n<div class=\"wp-block-file\"><a id=\"wp-block-file--media-067b1ea5-5496-45ab-83df-9cd1c0ae5181\" href=\"https:\/\/gmgs.ch\/wp-content\/uploads\/2019\/05\/Bulletin-56.pdf\" target=\"_blank\" rel=\"noreferrer noopener\">Bulletin 56 Winter 2015\/2016<\/a><a href=\"https:\/\/gmgs.ch\/wp-content\/uploads\/2019\/05\/Bulletin-56.pdf\" class=\"wp-block-file__button wp-element-button\" download aria-describedby=\"wp-block-file--media-067b1ea5-5496-45ab-83df-9cd1c0ae5181\">Herunterladen<\/a><\/div>\n\n\n\n<div class=\"wp-block-file\"><a id=\"wp-block-file--media-0a8aeb53-0d9d-4a2f-ac04-995320294e21\" href=\"https:\/\/gmgs.ch\/wp-content\/uploads\/2019\/05\/Bulletin-55.pdf\" target=\"_blank\" rel=\"noreferrer noopener\">Bulletin 55 Sommer 2015<\/a><a href=\"https:\/\/gmgs.ch\/wp-content\/uploads\/2019\/05\/Bulletin-55.pdf\" class=\"wp-block-file__button wp-element-button\" download aria-describedby=\"wp-block-file--media-0a8aeb53-0d9d-4a2f-ac04-995320294e21\">Herunterladen<\/a><\/div>\n\n\n\n<div class=\"wp-block-file\"><a id=\"wp-block-file--media-9c663b75-242e-4bcc-ba8e-849bf4a07be8\" href=\"https:\/\/gmgs.ch\/wp-content\/uploads\/2019\/05\/Bulletin-54.pdf\" target=\"_blank\" rel=\"noreferrer noopener\">Bulletin 54 Winter 2014\/2015<\/a><a href=\"https:\/\/gmgs.ch\/wp-content\/uploads\/2019\/05\/Bulletin-54.pdf\" class=\"wp-block-file__button wp-element-button\" download aria-describedby=\"wp-block-file--media-9c663b75-242e-4bcc-ba8e-849bf4a07be8\">Herunterladen<\/a><\/div>\n\n\n\n<p><br><\/p>\n","protected":false},"excerpt":{"rendered":"<p>Regelm\u00e4ssig erhalten unsere Mitglieder das Vereinsbulletin, ganz altmodisch per Post und in Papier. Darin finden sich Resultate, aktuelle Informationen, Berichte von unseren Veranstaltungen und Lustiges aus der ganzen Welt. Heinz Keller erstellt mit Unterst\u00fctzung von Susi Keller das Bulletin mit viel Liebe und Sorgfalt. Er freut sich \u00fcber Beitr\u00e4ge jeder Art. Hier sind die letzten &hellip; <a href=\"https:\/\/gmgs.ch\/?page_id=26\" class=\"more-link\"><span class=\"screen-reader-text\">&#8220;Bulletin&#8221; <\/span>weiterlesen<\/a><\/p>\n","protected":false},"author":1,"featured_media":0,"parent":0,"menu_order":0,"comment_status":"closed","ping_status":"closed","template":"","meta":{"footnotes":""},"class_list":["post-26","page","type-page","status-publish","hentry"],"_links":{"self":[{"href":"https:\/\/gmgs.ch\/index.php?rest_route=\/wp\/v2\/pages\/26","targetHints":{"allow":["GET"]}}],"collection":[{"href":"https:\/\/gmgs.ch\/index.php?rest_route=\/wp\/v2\/pages"}],"about":[{"href":"https:\/\/gmgs.ch\/index.php?rest_route=\/wp\/v2\/types\/page"}],"author":[{"embeddable":true,"href":"https:\/\/gmgs.ch\/index.php?rest_route=\/wp\/v2\/users\/1"}],"replies":[{"embeddable":true,"href":"https:\/\/gmgs.ch\/index.php?rest_route=%2Fwp%2Fv2%2Fcomments&post=26"}],"version-history":[{"count":21,"href":"https:\/\/gmgs.ch\/index.php?rest_route=\/wp\/v2\/pages\/26\/revisions"}],"predecessor-version":[{"id":1266,"href":"https:\/\/gmgs.ch\/index.php?rest_route=\/wp\/v2\/pages\/26\/revisions\/1266"}],"wp:attachment":[{"href":"https:\/\/gmgs.ch\/index.php?rest_route=%2Fwp%2Fv2%2Fmedia&parent=26"}],"curies":[{"name":"wp","href":"https:\/\/api.w.org\/{rel}","templated":true}]}}