{"id":24,"date":"2023-02-26T21:23:16","date_gmt":"2023-02-26T20:23:16","guid":{"rendered":"https:\/\/gmgs.ch\/?page_id=24"},"modified":"2025-04-23T13:08:52","modified_gmt":"2025-04-23T11:08:52","slug":"vorstand","status":"publish","type":"page","link":"https:\/\/gmgs.ch\/?page_id=24","title":{"rendered":"Vorstand"},"content":{"rendered":"\n<p><strong>Pr\u00e4sidentin <br> <\/strong>Tina Hostettler<br> Th\u00e4lgasse 22 <br> 5725 Leutwil <br> Telefon 076 375 67 30 <br> tina.hostettler@gmail.com<\/p>\n\n\n\n<p><strong>Vizepr\u00e4sident und Kassier <br><\/strong>Heinz Keller <br> Amselweg 10 <br> 3303 Jegenstorf <br> Telefon 031 761 05 46 <br> buenasuerte@bluewin.ch<\/p>\n\n\n\n<p><strong>Aktuarin <br><\/strong>Hanspeter Roth<br>Rothackerstrasse 20<br>5746 Walterswil<br>Telefon 079 654 95 50<br>roth.hp@bluewin.ch<\/p>\n\n\n\n<p><strong>Zuchtwartin <br><\/strong>Yvonne Hostettler <br> Haberberg 3<br> 5040 Sch\u00f6ftland <br> Telefon 062 721 28 48 <br> y_hostettler@yahoo.de<\/p>\n\n\n\n<p><strong>Verantwortliche Ausstellungen <br> <\/strong>Ruth Hess <br> Rte de Donatyre 16 <br> 1580 Avenches <br> Telefon 077 491 75 19  <br> luristan@bluewin.ch <\/p>\n\n\n\n<p><strong>Beisitzer Veranstaltungen <br><\/strong>Hans Lanz <br>H\u00f6lzlistrasse 32<br>3475 Riedtwil<br>Telefon 034 423 03 09<br>h.lanz@hotmail.com<\/p>\n\n\n\n<p><strong>Beisitzer Galgos und Sport<\/strong><br>Christian Schorro<br>Telefon 079 634 80 38<br>chschorro@sensemail.ch<\/p>\n","protected":false},"excerpt":{"rendered":"<p>Pr\u00e4sidentin Tina Hostettler Th\u00e4lgasse 22 5725 Leutwil Telefon 076 375 67 30 tina.hostettler@gmail.com Vizepr\u00e4sident und Kassier Heinz Keller Amselweg 10 3303 Jegenstorf Telefon 031 761 05 46 buenasuerte@bluewin.ch Aktuarin Hanspeter RothRothackerstrasse 205746 WalterswilTelefon 079 654 95 50roth.hp@bluewin.ch Zuchtwartin Yvonne Hostettler Haberberg 3 5040 Sch\u00f6ftland Telefon 062 721 28 48 y_hostettler@yahoo.de Verantwortliche Ausstellungen Ruth Hess Rte &hellip; <a href=\"https:\/\/gmgs.ch\/?page_id=24\" class=\"more-link\"><span class=\"screen-reader-text\">&#8220;Vorstand&#8221; <\/span>weiterlesen<\/a><\/p>\n","protected":false},"author":1,"featured_media":0,"parent":0,"menu_order":0,"comment_status":"closed","ping_status":"closed","template":"","meta":{"footnotes":""},"class_list":["post-24","page","type-page","status-publish","hentry"],"_links":{"self":[{"href":"https:\/\/gmgs.ch\/index.php?rest_route=\/wp\/v2\/pages\/24","targetHints":{"allow":["GET"]}}],"collection":[{"href":"https:\/\/gmgs.ch\/index.php?rest_route=\/wp\/v2\/pages"}],"about":[{"href":"https:\/\/gmgs.ch\/index.php?rest_route=\/wp\/v2\/types\/page"}],"author":[{"embeddable":true,"href":"https:\/\/gmgs.ch\/index.php?rest_route=\/wp\/v2\/users\/1"}],"replies":[{"embeddable":true,"href":"https:\/\/gmgs.ch\/index.php?rest_route=%2Fwp%2Fv2%2Fcomments&post=24"}],"version-history":[{"count":10,"href":"https:\/\/gmgs.ch\/index.php?rest_route=\/wp\/v2\/pages\/24\/revisions"}],"predecessor-version":[{"id":1250,"href":"https:\/\/gmgs.ch\/index.php?rest_route=\/wp\/v2\/pages\/24\/revisions\/1250"}],"wp:attachment":[{"href":"https:\/\/gmgs.ch\/index.php?rest_route=%2Fwp%2Fv2%2Fmedia&parent=24"}],"curies":[{"name":"wp","href":"https:\/\/api.w.org\/{rel}","templated":true}]}}