{"id":22,"date":"2019-04-30T23:37:43","date_gmt":"2019-04-30T21:37:43","guid":{"rendered":"https:\/\/gmgs.ch\/?page_id=22"},"modified":"2019-05-18T17:44:30","modified_gmt":"2019-05-18T15:44:30","slug":"verein","status":"publish","type":"page","link":"https:\/\/gmgs.ch\/?page_id=22","title":{"rendered":"Club"},"content":{"rendered":"\n<div class=\"wp-block-image\"><figure class=\"aligncenter\"><img loading=\"lazy\" decoding=\"async\" width=\"283\" height=\"154\" src=\"https:\/\/gmgs.ch\/wp-content\/uploads\/2019\/05\/logo_gmgs_klein-1.jpg\" alt=\"\" class=\"wp-image-427\"\/><figcaption> Greyhound &#8211; Magyar Ag\u00e1r &#8211; Galgo Espa\u00f1ol Club Schweiz<\/figcaption><\/figure><\/div>\n\n\n\n<p>Unsere Mitglieder sind langj\u00e4hrige und neue Liebhaber unserer Rassen und halten Hunde mit und ohne Stammbaum. Wir freuen uns \u00fcber alle Menschen, die sich f\u00fcr Hunde unserer Rassen interessieren und einen offenen und freundschaftlichen Austausch w\u00fcnschen.<\/p>\n\n\n\n<p>Hier finden Sie <a href=\"https:\/\/gmgs.ch\/?page_id=24\">Kontakt zum Vorstand<\/a>.<\/p>\n\n\n\n<p>Der Greyhound &#8211; Magyar Ag\u00e1r &#8211; Galgo Espa\u00f1ol Club Schweiz, kurz GMGS, betreut drei von der FCI anerkannte Windhund-Rassen:  Greyhound, Magyar Ag\u00e1r und Galgo Espa\u00f1ol.<\/p>\n\n\n\n<p>Ziel eines Rasseclubs innerhalb der <a href=\"http:\/\/www.skg.ch\" target=\"_blank\" rel=\"noreferrer noopener\" aria-label=\"Schweizerischen Kynologischen Gesellschaft SKG (\u00f6ffnet in neuem Tab)\">Schweizerischen Kynologischen Gesellschaft SKG<\/a> ist die Vermittlung von Wissen und Informationen zu den betreuten Rassen, die Betreuung des Zuchtgeschehens und die F\u00f6rderung des Kontakts zwischen Mitgliedern, Z\u00fcchtern, Hundebesitzern und interessierten Personen.  <\/p>\n\n\n\n<p>Der Rasseclub ist das Bindeglied zwischen den Dachorganisationen SKG und FCI und den Menschen, die Hunde halten. Wir organisieren Veranstaltungen und helfen, wenn ein Tier Hilfe braucht.  <\/p>\n\n\n\n<p>Sie finden weitere Informationen zu unserer inzwischen mehr als 20j\u00e4hrigen <a href=\"https:\/\/gmgs.ch\/?page_id=65\">Clubgeschichte hier<\/a>.<\/p>\n\n\n\n<p>Sie m\u00f6chten Mitglied werden? Super! Hier geht es zum Aufnahmeformular:<\/p>\n\n\n\n<div class=\"wp-block-file\"><a href=\"https:\/\/gmgs.ch\/wp-content\/uploads\/2019\/05\/BeitrittsErkl\u00e4rungNeu.pdf\" target=\"_blank\" rel=\"noreferrer noopener\">Beitrittserkl\u00e4rung GMGS<\/a><a href=\"https:\/\/gmgs.ch\/wp-content\/uploads\/2019\/05\/BeitrittsErkl\u00e4rungNeu.pdf\" class=\"wp-block-file__button\" download>Herunterladen<\/a><\/div>\n\n\n\n<p>Die Statuten sowie weitere Informationen finden Sie unter <a href=\"https:\/\/gmgs.ch\/?page_id=20\">Reglemente und Statuten zum Herunterladen<\/a> parat.<\/p>\n\n\n\n<p><br><\/p>\n","protected":false},"excerpt":{"rendered":"<p>Unsere Mitglieder sind langj\u00e4hrige und neue Liebhaber unserer Rassen und halten Hunde mit und ohne Stammbaum. Wir freuen uns \u00fcber alle Menschen, die sich f\u00fcr Hunde unserer Rassen interessieren und einen offenen und freundschaftlichen Austausch w\u00fcnschen. Hier finden Sie Kontakt zum Vorstand. Der Greyhound &#8211; Magyar Ag\u00e1r &#8211; Galgo Espa\u00f1ol Club Schweiz, kurz GMGS, betreut &hellip; <a href=\"https:\/\/gmgs.ch\/?page_id=22\" class=\"more-link\"><span class=\"screen-reader-text\">&#8220;Club&#8221; <\/span>weiterlesen<\/a><\/p>\n","protected":false},"author":1,"featured_media":0,"parent":0,"menu_order":0,"comment_status":"closed","ping_status":"closed","template":"","meta":{"footnotes":""},"class_list":["post-22","page","type-page","status-publish","hentry"],"_links":{"self":[{"href":"https:\/\/gmgs.ch\/index.php?rest_route=\/wp\/v2\/pages\/22","targetHints":{"allow":["GET"]}}],"collection":[{"href":"https:\/\/gmgs.ch\/index.php?rest_route=\/wp\/v2\/pages"}],"about":[{"href":"https:\/\/gmgs.ch\/index.php?rest_route=\/wp\/v2\/types\/page"}],"author":[{"embeddable":true,"href":"https:\/\/gmgs.ch\/index.php?rest_route=\/wp\/v2\/users\/1"}],"replies":[{"embeddable":true,"href":"https:\/\/gmgs.ch\/index.php?rest_route=%2Fwp%2Fv2%2Fcomments&post=22"}],"version-history":[{"count":5,"href":"https:\/\/gmgs.ch\/index.php?rest_route=\/wp\/v2\/pages\/22\/revisions"}],"predecessor-version":[{"id":428,"href":"https:\/\/gmgs.ch\/index.php?rest_route=\/wp\/v2\/pages\/22\/revisions\/428"}],"wp:attachment":[{"href":"https:\/\/gmgs.ch\/index.php?rest_route=%2Fwp%2Fv2%2Fmedia&parent=22"}],"curies":[{"name":"wp","href":"https:\/\/api.w.org\/{rel}","templated":true}]}}