{"id":20,"date":"2024-03-08T11:26:36","date_gmt":"2024-03-08T10:26:36","guid":{"rendered":"https:\/\/gmgs.ch\/?page_id=20"},"modified":"2024-03-08T11:26:36","modified_gmt":"2024-03-08T10:26:36","slug":"reglemente-und-unterlagen","status":"publish","type":"page","link":"https:\/\/gmgs.ch\/?page_id=20","title":{"rendered":"Reglemente und Unterlagen"},"content":{"rendered":"\n<div class=\"wp-block-file\"><a id=\"wp-block-file--media-8a8afca9-0cd7-4c5d-823d-0b5cffe89579\" href=\"https:\/\/gmgs.ch\/wp-content\/uploads\/2022\/04\/GMGS_STATUTEN_2019_HPversion.pdf\" target=\"_blank\" rel=\"noreferrer noopener\">GMGS Statuten<\/a><a href=\"https:\/\/gmgs.ch\/wp-content\/uploads\/2022\/04\/GMGS_STATUTEN_2019_HPversion.pdf\" class=\"wp-block-file__button wp-element-button\" download aria-describedby=\"wp-block-file--media-8a8afca9-0cd7-4c5d-823d-0b5cffe89579\">Herunterladen<\/a><\/div>\n\n\n\n<div class=\"wp-block-file\"><a id=\"wp-block-file--media-a40d567d-66e6-42b8-8d8d-0c4a009a07d3\" href=\"https:\/\/gmgs.ch\/wp-content\/uploads\/2019\/05\/ZR-GMGS-2019.pdf\" target=\"_blank\" rel=\"noreferrer noopener\">GMGS Zuchtreglement<\/a><a href=\"https:\/\/gmgs.ch\/wp-content\/uploads\/2019\/05\/ZR-GMGS-2019.pdf\" class=\"wp-block-file__button wp-element-button\" download aria-describedby=\"wp-block-file--media-a40d567d-66e6-42b8-8d8d-0c4a009a07d3\">Herunterladen<\/a><\/div>\n\n\n\n<div class=\"wp-block-file\"><a id=\"wp-block-file--media-35f879ad-00fe-4fe9-bffd-ba2f75155c17\" href=\"https:\/\/gmgs.ch\/wp-content\/uploads\/2019\/05\/BeitrittsErkl\u00e4rungNeu.pdf\" target=\"_blank\" rel=\"noreferrer noopener\">Beitrittserkl\u00e4rung GMGS<\/a><a href=\"https:\/\/gmgs.ch\/wp-content\/uploads\/2019\/05\/BeitrittsErkl\u00e4rungNeu.pdf\" class=\"wp-block-file__button wp-element-button\" download aria-describedby=\"wp-block-file--media-35f879ad-00fe-4fe9-bffd-ba2f75155c17\">Herunterladen<\/a><\/div>\n\n\n\n<div class=\"wp-block-file\"><a id=\"wp-block-file--media-24eb148f-c69f-4f3e-a104-0707a5e20590\" href=\"https:\/\/gmgs.ch\/wp-content\/uploads\/2023\/02\/Reglement-Jahreswertung-2023.pdf\" target=\"_blank\" rel=\"noreferrer noopener\">Reglement Jahreswertung 2023<\/a><a href=\"https:\/\/gmgs.ch\/wp-content\/uploads\/2023\/02\/Reglement-Jahreswertung-2023.pdf\" class=\"wp-block-file__button wp-element-button\" download aria-describedby=\"wp-block-file--media-24eb148f-c69f-4f3e-a104-0707a5e20590\">Herunterladen<\/a><\/div>\n\n\n\n<p><\/p>\n\n\n\n<p>Die Jahresberichte des Pr\u00e4sidenten, der Ausstellungsverantwortlichen und der Zuchtwarten sowie  die Protokolle der Generalversammlungen finden Sie im jeweiligen Sommer-Bulletin, siehe <a href=\"https:\/\/gmgs.ch\/?page_id=26\" data-type=\"page\" data-id=\"26\">Bulletin<\/a>.<\/p>\n\n\n\n<p><strong>Handhabung von Gesuchen an die SKG zur Begutachtung zwecks Eintrag ins SHSB-Register (&#171;Ph\u00e4notypisierung&#187;)<\/strong>:<\/p>\n\n\n\n<p>Ab 2024 unterst\u00fctzt der GMGS Gesuche an die SKG zur Begutachtung von Hunden unserer Rasse zur Eintragung ins SHSB-Register (&#171;Ph\u00e4notypisierung&#187;) nur noch, wenn entweder:<\/p>\n\n\n\n<ul class=\"wp-block-list\">\n<li>der Hund \u00fcber korrekte, einwandfreie FCI-Papiere verf\u00fcgt, diese jedoch aus b\u00fcrokratischen Gr\u00fcnden von der SKG nicht akzeptiert werden; oder<\/li>\n\n\n\n<li>ein durch einen Tierarzt abgenommener, genetischer Rassetest eines akkreditierten, europ\u00e4ischen Labors best\u00e4tigt, dass der Hund genetisch mindestens 75% der angestrebten Rasse zugeordnet wird.<\/li>\n<\/ul>\n\n\n\n<p> Besitzer:innen k\u00f6nnen jedoch trotzdem ein entsprechendes Begutachtungs-Gesuch direkt bei der SKG stellen, auch wenn ihr Hund keine der obigen Bedingungen erf\u00fcllt.  Der GMGS unterst\u00fctzt jedoch diese Gesuche nicht mehr. Die Regelung entspricht dem Entscheid der Generalversammlung 2024. <\/p>\n\n\n\n<p><strong>Rassestandards<\/strong><\/p>\n\n\n\n<p><strong>Galgo Espa\u00f1ol<\/strong>: FCI Gruppe 10, Standard Nr. 285: <a href=\"http:\/\/www.fci.be\/de\/nomenclature\/SPANISCHER-WINDHUND-285.html\">Link zum FCI Standard<\/a><\/p>\n\n\n\n<p><strong>Greyhound<\/strong>: FCI Gruppe 10, Standard Nr. 158: <a href=\"http:\/\/www.fci.be\/de\/nomenclature\/GREYHOUND-158.html\">Link zum FCI Stan<\/a><a rel=\"noreferrer noopener\" href=\"http:\/\/www.fci.be\/Nomenclature\/Standards\/158g10-en.pdf\" target=\"_blank\">dard<\/a><\/p>\n\n\n\n<p> <strong>Magyar Ag\u00e1r<\/strong>: FCI Gruppe 10, Standard Nr. 240: <a rel=\"noreferrer noopener\" aria-label=\"Link zum FCI Standard (\u00f6ffnet in neuem Tab)\" href=\"http:\/\/www.fci.be\/de\/nomenclature\/UNGARISCHER-WINDHUND-240.html\" target=\"_blank\">Link zum FCI Standard<\/a><\/p>\n\n\n\n<div class=\"wp-block-file\"><a id=\"wp-block-file--media-3f4e2090-29c3-4b2d-a7c1-78359d5d7359\" href=\"https:\/\/gmgs.ch\/wp-content\/uploads\/2019\/05\/logo_druck.jpg\" target=\"_blank\" rel=\"noreferrer noopener\"> Logo zum Herunterladen <\/a><a href=\"https:\/\/gmgs.ch\/wp-content\/uploads\/2019\/05\/logo_druck.jpg\" class=\"wp-block-file__button wp-element-button\" download aria-describedby=\"wp-block-file--media-3f4e2090-29c3-4b2d-a7c1-78359d5d7359\">Herunterladen<\/a><\/div>\n","protected":false},"excerpt":{"rendered":"<p>Die Jahresberichte des Pr\u00e4sidenten, der Ausstellungsverantwortlichen und der Zuchtwarten sowie die Protokolle der Generalversammlungen finden Sie im jeweiligen Sommer-Bulletin, siehe Bulletin. Handhabung von Gesuchen an die SKG zur Begutachtung zwecks Eintrag ins SHSB-Register (&#171;Ph\u00e4notypisierung&#187;): Ab 2024 unterst\u00fctzt der GMGS Gesuche an die SKG zur Begutachtung von Hunden unserer Rasse zur Eintragung ins SHSB-Register (&#171;Ph\u00e4notypisierung&#187;) nur &hellip; <a href=\"https:\/\/gmgs.ch\/?page_id=20\" class=\"more-link\"><span class=\"screen-reader-text\">&#8220;Reglemente und Unterlagen&#8221; <\/span>weiterlesen<\/a><\/p>\n","protected":false},"author":1,"featured_media":0,"parent":0,"menu_order":0,"comment_status":"closed","ping_status":"closed","template":"","meta":{"footnotes":""},"class_list":["post-20","page","type-page","status-publish","hentry"],"_links":{"self":[{"href":"https:\/\/gmgs.ch\/index.php?rest_route=\/wp\/v2\/pages\/20","targetHints":{"allow":["GET"]}}],"collection":[{"href":"https:\/\/gmgs.ch\/index.php?rest_route=\/wp\/v2\/pages"}],"about":[{"href":"https:\/\/gmgs.ch\/index.php?rest_route=\/wp\/v2\/types\/page"}],"author":[{"embeddable":true,"href":"https:\/\/gmgs.ch\/index.php?rest_route=\/wp\/v2\/users\/1"}],"replies":[{"embeddable":true,"href":"https:\/\/gmgs.ch\/index.php?rest_route=%2Fwp%2Fv2%2Fcomments&post=20"}],"version-history":[{"count":12,"href":"https:\/\/gmgs.ch\/index.php?rest_route=\/wp\/v2\/pages\/20\/revisions"}],"predecessor-version":[{"id":1210,"href":"https:\/\/gmgs.ch\/index.php?rest_route=\/wp\/v2\/pages\/20\/revisions\/1210"}],"wp:attachment":[{"href":"https:\/\/gmgs.ch\/index.php?rest_route=%2Fwp%2Fv2%2Fmedia&parent=20"}],"curies":[{"name":"wp","href":"https:\/\/api.w.org\/{rel}","templated":true}]}}