{"id":190,"date":"2019-05-11T16:05:15","date_gmt":"2019-05-11T14:05:15","guid":{"rendered":"https:\/\/gmgs.ch\/?page_id=190"},"modified":"2019-05-18T17:36:45","modified_gmt":"2019-05-18T15:36:45","slug":"hilfe-fuer-besitzer-und-hunde-in-not","status":"publish","type":"page","link":"https:\/\/gmgs.ch\/?page_id=190","title":{"rendered":"Hilfe f\u00fcr Besitzer und Hunde in Not"},"content":{"rendered":"\n<p>Haben Sie ein Problem mit Ihrem Greyhound, Magyar Ag\u00e1r oer Galgo Espa\u00f1ol? Kontaktieren Sie <a href=\"https:\/\/gmgs.ch\/?page_id=24\">uns<\/a>.<\/p>\n\n\n\n<p>Wir stehen Ihnen zur Seite und helfen mit Rat und Tat. Wir haben Erfahrung und k\u00f6nnen oft rasch und einfach helfen. <\/p>\n\n\n\n<p>Wenn es notwendig ist, organisieren wir  Pflegepl\u00e4tze. Sei es, um Zeit zu \u00fcberbr\u00fccken, eine optimale L\u00f6sung zu finden oder um einen neuen Lebensplatz zu finden.<\/p>\n\n\n\n<p><\/p>\n","protected":false},"excerpt":{"rendered":"<p>Haben Sie ein Problem mit Ihrem Greyhound, Magyar Ag\u00e1r oer Galgo Espa\u00f1ol? Kontaktieren Sie uns. Wir stehen Ihnen zur Seite und helfen mit Rat und Tat. Wir haben Erfahrung und k\u00f6nnen oft rasch und einfach helfen. Wenn es notwendig ist, organisieren wir Pflegepl\u00e4tze. Sei es, um Zeit zu \u00fcberbr\u00fccken, eine optimale L\u00f6sung zu finden oder &hellip; <a href=\"https:\/\/gmgs.ch\/?page_id=190\" class=\"more-link\"><span class=\"screen-reader-text\">&#8220;Hilfe f\u00fcr Besitzer und Hunde in Not&#8221; <\/span>weiterlesen<\/a><\/p>\n","protected":false},"author":1,"featured_media":0,"parent":0,"menu_order":0,"comment_status":"closed","ping_status":"closed","template":"","meta":{"footnotes":""},"class_list":["post-190","page","type-page","status-publish","hentry"],"_links":{"self":[{"href":"https:\/\/gmgs.ch\/index.php?rest_route=\/wp\/v2\/pages\/190","targetHints":{"allow":["GET"]}}],"collection":[{"href":"https:\/\/gmgs.ch\/index.php?rest_route=\/wp\/v2\/pages"}],"about":[{"href":"https:\/\/gmgs.ch\/index.php?rest_route=\/wp\/v2\/types\/page"}],"author":[{"embeddable":true,"href":"https:\/\/gmgs.ch\/index.php?rest_route=\/wp\/v2\/users\/1"}],"replies":[{"embeddable":true,"href":"https:\/\/gmgs.ch\/index.php?rest_route=%2Fwp%2Fv2%2Fcomments&post=190"}],"version-history":[{"count":2,"href":"https:\/\/gmgs.ch\/index.php?rest_route=\/wp\/v2\/pages\/190\/revisions"}],"predecessor-version":[{"id":424,"href":"https:\/\/gmgs.ch\/index.php?rest_route=\/wp\/v2\/pages\/190\/revisions\/424"}],"wp:attachment":[{"href":"https:\/\/gmgs.ch\/index.php?rest_route=%2Fwp%2Fv2%2Fmedia&parent=190"}],"curies":[{"name":"wp","href":"https:\/\/api.w.org\/{rel}","templated":true}]}}