{"id":182,"date":"2025-02-04T20:42:09","date_gmt":"2025-02-04T19:42:09","guid":{"rendered":"https:\/\/gmgs.ch\/?page_id=182"},"modified":"2025-02-04T20:42:26","modified_gmt":"2025-02-04T19:42:26","slug":"chloushoeck","status":"publish","type":"page","link":"https:\/\/gmgs.ch\/?page_id=182","title":{"rendered":"Chloush\u00f6ck"},"content":{"rendered":"\n<p><strong><span class=\"has-inline-color has-bright-blue-color\">Datum 2025: Sonntag, 30. November 2025 <\/span><\/strong><\/p>\n\n\n\n<figure class=\"wp-block-image size-large\"><img loading=\"lazy\" decoding=\"async\" width=\"1024\" height=\"604\" src=\"https:\/\/gmgs.ch\/wp-content\/uploads\/2020\/06\/IMG_0217-1024x604.jpg\" alt=\"\" class=\"wp-image-733\" srcset=\"https:\/\/gmgs.ch\/wp-content\/uploads\/2020\/06\/IMG_0217-1024x604.jpg 1024w, https:\/\/gmgs.ch\/wp-content\/uploads\/2020\/06\/IMG_0217-300x177.jpg 300w, https:\/\/gmgs.ch\/wp-content\/uploads\/2020\/06\/IMG_0217-768x453.jpg 768w, https:\/\/gmgs.ch\/wp-content\/uploads\/2020\/06\/IMG_0217-1536x905.jpg 1536w, https:\/\/gmgs.ch\/wp-content\/uploads\/2020\/06\/IMG_0217-2048x1207.jpg 2048w, https:\/\/gmgs.ch\/wp-content\/uploads\/2020\/06\/IMG_0217-1200x707.jpg 1200w\" sizes=\"auto, (max-width: 709px) 85vw, (max-width: 909px) 67vw, (max-width: 1362px) 62vw, 840px\" \/><figcaption class=\"wp-element-caption\">Spaziergang 2019<\/figcaption><\/figure>\n\n\n\n<p><strong>Normalerweise findet er am 1. oder 2. Advent  im Waldhaus Sch\u00f6ftland<\/strong>, die Einladung wird per Post verschickt.<\/p>\n\n\n\n<p>Wir treffen uns ab zirka 10.00h, im Waldhaus Sch\u00f6ftland zu Kaffee, Tee und \u201eZ\u00fcpfe\u201c.<\/p>\n\n\n\n<p>Um\n11.00 starten wir zu einem Spaziergang mit den Hunden. <\/p>\n\n\n\n<p>Ab zirka 12.30h&nbsp; gibt es ein feines Mittagessen<\/p>\n\n\n\n<p><strong>Essen<\/strong>:&nbsp;&nbsp;&nbsp;&nbsp;&nbsp;&nbsp;&nbsp;&nbsp; Kartoffelgratin, Salat mit oder ohne Fleisch vom Grill<\/p>\n\n\n\n<p><strong>Dessert<\/strong>: &nbsp;&nbsp;&nbsp;&nbsp; Da wissen wir, dass auf eure Spenden Verlass ist! Vielen Dank! <\/p>\n\n\n\n<p><strong>Kosten<\/strong>:&nbsp;&nbsp;&nbsp;&nbsp;&nbsp;&nbsp; Fr\u00fchst\u00fcck, Mittagessen und Getr\u00e4nke (ausser Alkohol):&nbsp; Fr. 20.00 mit Fleisch, Fr. 15.00 ohne Fleisch&nbsp;&nbsp;&nbsp;&nbsp;&nbsp;&nbsp;&nbsp;&nbsp;&nbsp;&nbsp;&nbsp;&nbsp;&nbsp;&nbsp;&nbsp;&nbsp;&nbsp;&nbsp;&nbsp;&nbsp;&nbsp;&nbsp;&nbsp;&nbsp;&nbsp;&nbsp;&nbsp;&nbsp;&nbsp; <\/p>\n\n\n\n<p>Nach dem Essen wird auch dieses Jahr wieder Lotto gespielt.\nEinige Preise sind bereits vorhanden. Damit unser Lotto unterhaltsam wird, sind\naber noch mehr Preise n\u00f6tig.<\/p>\n\n\n\n<p>Es w\u00e4re deshalb sch\u00f6n, wenn\njeder Teilnehmer einen oder noch besser gleich mehrere sch\u00f6ne Preise mitbringt.<\/p>\n\n\n\n<p>Der Vorstand w\u00fcrde sich sehr freuen, wenn m\u00f6glichst viele GMGS-Mitglieder am Chlaush\u00f6ck mitmachen!   <\/p>\n\n\n\n<p>Selbstverst\u00e4ndlich sind auch Nicht-Mitglieder ganz herzlich willkommen!<\/p>\n\n\n\n<p>Anfahrt: <\/p>\n\n\n\n<figure><iframe loading=\"lazy\" src=\"https:\/\/www.google.com\/maps\/embed?pb=!1m18!1m12!1m3!1d616.6481301168936!2d8.058600606458796!3d47.30116969808941!2m3!1f0!2f0!3f0!3m2!1i1024!2i768!4f13.1!3m3!1m2!1s0x4790236afa7e1b41%3A0xe4bb4573d8085e58!2sWaldhaus%20Moos%2C%20Haberberg%2C%205040%20Sch%C3%B6ftland!5e1!3m2!1sen!2sch!4v1573384988531!5m2!1sen!2sch\" width=\"600\" height=\"450\" allowfullscreen=\"\"><\/iframe><\/figure>\n","protected":false},"excerpt":{"rendered":"<p>Datum 2025: Sonntag, 30. November 2025 Normalerweise findet er am 1. oder 2. Advent im Waldhaus Sch\u00f6ftland, die Einladung wird per Post verschickt. Wir treffen uns ab zirka 10.00h, im Waldhaus Sch\u00f6ftland zu Kaffee, Tee und \u201eZ\u00fcpfe\u201c. Um 11.00 starten wir zu einem Spaziergang mit den Hunden. Ab zirka 12.30h&nbsp; gibt es ein feines Mittagessen &hellip; <a href=\"https:\/\/gmgs.ch\/?page_id=182\" class=\"more-link\"><span class=\"screen-reader-text\">&#8220;Chloush\u00f6ck&#8221; <\/span>weiterlesen<\/a><\/p>\n","protected":false},"author":1,"featured_media":0,"parent":0,"menu_order":0,"comment_status":"closed","ping_status":"closed","template":"","meta":{"footnotes":""},"class_list":["post-182","page","type-page","status-publish","hentry"],"_links":{"self":[{"href":"https:\/\/gmgs.ch\/index.php?rest_route=\/wp\/v2\/pages\/182","targetHints":{"allow":["GET"]}}],"collection":[{"href":"https:\/\/gmgs.ch\/index.php?rest_route=\/wp\/v2\/pages"}],"about":[{"href":"https:\/\/gmgs.ch\/index.php?rest_route=\/wp\/v2\/types\/page"}],"author":[{"embeddable":true,"href":"https:\/\/gmgs.ch\/index.php?rest_route=\/wp\/v2\/users\/1"}],"replies":[{"embeddable":true,"href":"https:\/\/gmgs.ch\/index.php?rest_route=%2Fwp%2Fv2%2Fcomments&post=182"}],"version-history":[{"count":10,"href":"https:\/\/gmgs.ch\/index.php?rest_route=\/wp\/v2\/pages\/182\/revisions"}],"predecessor-version":[{"id":1238,"href":"https:\/\/gmgs.ch\/index.php?rest_route=\/wp\/v2\/pages\/182\/revisions\/1238"}],"wp:attachment":[{"href":"https:\/\/gmgs.ch\/index.php?rest_route=%2Fwp%2Fv2%2Fmedia&parent=182"}],"curies":[{"name":"wp","href":"https:\/\/api.w.org\/{rel}","templated":true}]}}