{"id":12,"date":"2019-04-30T23:36:09","date_gmt":"2019-04-30T21:36:09","guid":{"rendered":"https:\/\/gmgs.ch\/?page_id=12"},"modified":"2019-05-12T12:44:37","modified_gmt":"2019-05-12T10:44:37","slug":"magyar-agar","status":"publish","type":"page","link":"https:\/\/gmgs.ch\/?page_id=12","title":{"rendered":"Magyar Ag\u00e1r"},"content":{"rendered":"\n<p> <strong>Magyar Ag\u00e1r<\/strong>: FCI Gruppe 10, Standard Nr. 240: <a rel=\"noreferrer noopener\" href=\"http:\/\/www.fci.be\/de\/nomenclature\/UNGARISCHER-WINDHUND-240.html\" target=\"_blank\">Link zum FCI Standard<\/a><\/p>\n\n\n\n<p>Der Magyar Ag\u00e1r ist ein substanzvoller, robuster Hund von kr\u00e4ftigem K\u00f6rperbau und starken Knochen. Seine Muskulatur ist trocken entwickelt und tritt deutlich hervor. Das Fell ist kurz und dicht, etwas derber als das der \u00fcbrigen Kurzhaar-Windhundrassen. Er ist abgeh\u00e4rtet und vertr\u00e4gt unbeschadet extreme Witterungs-schwankungen. Das Wesen des Magyar Agar ist freundlich. Er z\u00e4hlt zu den wachsamen Windhundrassen und ist jederzeit bereit sein Heim gegen Fremde zu besch\u00fctzen. <br> <br> In der Familie ist er aufgrund seiner ruhigen, anpassungsf\u00e4higen Art und seiner Sauberkeit, ein \u00e4u\u00dferst angenehmer Hausgenosse. Seinem Besitzer schlie\u00dft er sich mit gro\u00dfer Zuneigung eng an, wobei er jedoch seinen selbstbewussten Charakter Fremden gegen\u00fcber nicht leugnet.<br> <br> Das Gangwerk des Magyar Ag\u00e1r ist ausgreifend und zeichnet sich durch einen ruhigen, gleichm\u00e4\u00dfigen Ablauf aus. Wegen seiner unb\u00e4ndigen Kraft vermag er m\u00fchelos lange Strecken zu bew\u00e4ltigen. Wie alle Windhunde ben\u00f6tigt er viel Bewegung (der alleinige Auslauf im Garten ist ungen\u00fcgend!).<br> Der Magyar Agar ist ein unerm\u00fcdlicher, z\u00e4her Windhund, der mit seinem sehr scharfen Auge das Jagdobjekt verfolgt. Er besitzt eine ausgepr\u00e4gte Jagdleidenschaft. Die Idealgr\u00f6\u00dfe des R\u00fcden ist 65 \u2013 70 cm, H\u00fcndinnen 62 \u2013 67 cm. Die Farbe des Felles ist in vielen Variationen vertreten, einfarbig oder gefleckt, dabei sind alle Windhundfarben erlaubt.<br> <br> Wer mit einem handfesten und anh\u00e4nglichen Windhund leben m\u00f6chte, wird vom Magyar Agar nicht entt\u00e4uscht werden. In freier Natur allerdings verleitet ihn sein Instinkt zum Jagen, so dass die Freiheit ohne Leine mit Gefahren verbunden ist. Als Ausgleich sind Bahnrennen und Coursings besonders geeignet.<\/p>\n\n\n\n<p>Der Magyar Agar ist ein sehr kr\u00e4ftiger, ausdauernder Jagd- und\nHetzhund, der f\u00fcr Bahnrennen und Coursings besonders geeignet ist. Er ist ein\nguter Begleithund und treuer W\u00e4chter, er eignet sich auch f\u00fcr den Agility\nSport.<\/p>\n\n\n\n<p><strong>Wesensprofil des Magyar Ag\u00e0r <\/strong><\/p>\n\n\n\n<p>Sehr kr\u00e4ftiger, ausdauernder Jagd- und Hetzhund, ein guter \nBegleithund und treuer W\u00e4chter, der sich fremden Menschen gegen\u00fcber eher\n zur\u00fcckhaltend, aber nicht scheu zeigt. <\/p>\n\n\n\n<p><strong>Erw\u00fcnschte Eigenschaften<\/strong><\/p>\n\n\n\n<ul class=\"wp-block-list\"><li>Bewegungstrieb\/Temperament: Temperamentvoll, aufmerksam, interessiert, ausdauernd. <\/li><li>Sicherheit: Selbstsicher, fremden Personen gegen\u00fcber zur\u00fcckhaltend (bis zutraulich).<\/li><li>Bindung: Enges, vertrauensvolles Verh\u00e4ltnis zum Besitzer. Belastbarkeit: Gute Belastbarkeit. <\/li><li>Hetzfreude: Ausgepr\u00e4gtes Hetzverhalten, l\u00e4sst sich jedoch leicht f\u00fcr andere Aufgaben motivieren. <\/li><\/ul>\n\n\n\n<p><strong>Unerw\u00fcnschte Eigenschaften<\/strong> (zuchtausschliessend) <\/p>\n\n\n\n<ul class=\"wp-block-list\"><li>Angst\/\u00c4ngstlichkeit: Fluchttendenz, ausgepr\u00e4gtes Meideverhalten. <\/li><li>Aggression: Ausgepr\u00e4gte Aggression gegen\u00fcber Artgenossen und\/oder Menschen (Sch\u00e4rfe).<\/li><\/ul>\n\n\n\n<p>GMGS 1. Mai 2007<\/p>\n","protected":false},"excerpt":{"rendered":"<p>Magyar Ag\u00e1r: FCI Gruppe 10, Standard Nr. 240: Link zum FCI Standard Der Magyar Ag\u00e1r ist ein substanzvoller, robuster Hund von kr\u00e4ftigem K\u00f6rperbau und starken Knochen. Seine Muskulatur ist trocken entwickelt und tritt deutlich hervor. Das Fell ist kurz und dicht, etwas derber als das der \u00fcbrigen Kurzhaar-Windhundrassen. Er ist abgeh\u00e4rtet und vertr\u00e4gt unbeschadet extreme &hellip; <a href=\"https:\/\/gmgs.ch\/?page_id=12\" class=\"more-link\"><span class=\"screen-reader-text\">&#8220;Magyar Ag\u00e1r&#8221; <\/span>weiterlesen<\/a><\/p>\n","protected":false},"author":1,"featured_media":0,"parent":0,"menu_order":0,"comment_status":"closed","ping_status":"closed","template":"","meta":{"footnotes":""},"class_list":["post-12","page","type-page","status-publish","hentry"],"_links":{"self":[{"href":"https:\/\/gmgs.ch\/index.php?rest_route=\/wp\/v2\/pages\/12","targetHints":{"allow":["GET"]}}],"collection":[{"href":"https:\/\/gmgs.ch\/index.php?rest_route=\/wp\/v2\/pages"}],"about":[{"href":"https:\/\/gmgs.ch\/index.php?rest_route=\/wp\/v2\/types\/page"}],"author":[{"embeddable":true,"href":"https:\/\/gmgs.ch\/index.php?rest_route=\/wp\/v2\/users\/1"}],"replies":[{"embeddable":true,"href":"https:\/\/gmgs.ch\/index.php?rest_route=%2Fwp%2Fv2%2Fcomments&post=12"}],"version-history":[{"count":4,"href":"https:\/\/gmgs.ch\/index.php?rest_route=\/wp\/v2\/pages\/12\/revisions"}],"predecessor-version":[{"id":370,"href":"https:\/\/gmgs.ch\/index.php?rest_route=\/wp\/v2\/pages\/12\/revisions\/370"}],"wp:attachment":[{"href":"https:\/\/gmgs.ch\/index.php?rest_route=%2Fwp%2Fv2%2Fmedia&parent=12"}],"curies":[{"name":"wp","href":"https:\/\/api.w.org\/{rel}","templated":true}]}}