{"id":10,"date":"2019-04-30T23:35:50","date_gmt":"2019-04-30T21:35:50","guid":{"rendered":"https:\/\/gmgs.ch\/?page_id=10"},"modified":"2019-05-12T12:44:12","modified_gmt":"2019-05-12T10:44:12","slug":"greyhound","status":"publish","type":"page","link":"https:\/\/gmgs.ch\/?page_id=10","title":{"rendered":"Greyhound"},"content":{"rendered":"\n<p><strong>Greyhound<\/strong>: FCI Gruppe 10, Standard Nr. 158: <a href=\"http:\/\/www.fci.be\/de\/nomenclature\/GREYHOUND-158.html\">Link zum FCI Stan<\/a><a rel=\"noreferrer noopener\" href=\"http:\/\/www.fci.be\/Nomenclature\/Standards\/158g10-en.pdf\" target=\"_blank\">dard<\/a><\/p>\n\n\n\n<p>Die Geschichte des Greyhounds ist uralt. Er ist das Vollblut unter  den Hunden und f\u00fcr viele der Windhund schlechthin. Als grosser  Repr\u00e4sentant der gesamten Windhundfamilie wird er mit Recht als der  schnellste Hund der Welt bezeichnet. Mit seinem scharfen Auge hetzt er  das Niederwild, was nat\u00fcrlich heute in Europa verboten ist.<\/p>\n\n\n\n<p>Der Greyhound ist ein eleganter und charakterlich unkomplizierter\nBegleiter. Er ist anschmiegsam und f\u00fchlt sich wohl in menschlicher Gesellschaft\nund mitten im Familienleben. Auch auf Grund seines kurzen, pflegeleichten Fells\nist er ein angenehm zu haltender Hausgenosse. Der Greyhound ist wie alle\nWindhundrassen ein sehr sauberer Hund, der keinen Geruch im Hause verbreitet.\nEr ist auch in einer Etagenwohnung zu halten, da er durch sein ruhiges Wesen\ndie Nachbarschaft nicht st\u00f6rt. Voraussetzung ist die gen\u00fcgend t\u00e4gliche\nBewegung, die aber auch f\u00fcr den jeweiligen Besitzer nur von Vorteil sein kann.\nSeine Schnelligkeit und seine Hetzleidenschaft sind nat\u00fcrlich bei der Haltung\nzu ber\u00fccksichtigen, dar\u00fcber werden Sie jedoch bei unseren Z\u00fcchtern informiert.<\/p>\n\n\n\n<p>Wer sich f\u00fcr die Haltung eines Greyhounds entscheidet, sollte die\nM\u00f6glichkeit haben, ihm sehr viel Bewegung zu verschaffen. Ein Garten, sei er\nnoch so gross, gen\u00fcgt keinesfalls f\u00fcr seinen Auslauf. Er wird nur zum Zaun\nlaufen und sehnsuchtsvoll in die Ferne blicken. Sportlich ist er vielseitig\neinsetzbar. Besonders liebt er schnelle Runden auf Wiesen, bzw. auf Coursing-\noder Rennbahnen zu drehen. Aber auch Agility ist ohne Probleme m\u00f6glich,wenn die\nErwartungen nicht zu hoch angesetzt sind.<\/p>\n\n\n\n<p>In der Gesamterscheinung begegnet einem der Greyhound mit Gr\u00f6sse, \nEleganz, Adel und Noblesse.Alle Farben sind zugelassen. Gr\u00f6sse 68 \u2013 76 \ncm.<\/p>\n\n\n\n<p><strong>Wesensprofil des Greyhounds <\/strong>(Wesensprofil zum Herunterladen als PDF)<br>Feiner und ruhiger Gesellschafter, alltagstauglich, sozialvertr\u00e4glich, freundlich, intelligent, anh\u00e4nglich und ausgeglichen. <\/p>\n\n\n\n<p><br><strong>Erw\u00fcnschte Eigenschaften<\/strong><\/p>\n\n\n\n<ul class=\"wp-block-list\"><li>Bewegungstrieb\/Temperament: Er besitzt ein bemerkenswertes \nDurchhalteverm\u00f6gen und Ausdauer. Intelligent, freundlich, anh\u00e4nglich und\n ausgeglichen. Bewegungsfreudig, lebhaft, aufmerksam, interessiert, \ntemperamentvoll (nicht nerv\u00f6s). <\/li><li> Sicherheit: Selbstsicher, fremden Personen gegen\u00fcber neutral oder zutraulich, weder \u00e4ngstlich noch aggressiv. <\/li><li> Bindung: Entspanntes und vertrauensvolles Verh\u00e4ltnis zum Besitzer. <\/li><li> Belastbarkeit: Gute Belastbarkeit. <\/li><li> Hetzfreude: Ausgepr\u00e4gtes Hetzverhalten. Nichts entgeht seinem Blick. <\/li><\/ul>\n\n\n\n<p> <strong>Unerw\u00fcnschte Eigenschaften<\/strong> (zuchtausschliessend) <\/p>\n\n\n\n<ul class=\"wp-block-list\"><li> Angst\/\u00c4ngstlichkeit: Fluchttendenz, ausgepr\u00e4gtes Meideverhalten. <\/li><li> Aggression: Ausgepr\u00e4gte Aggression gegen\u00fcber Artgenossen und\/oder Menschen (Sch\u00e4rfe).<\/li><\/ul>\n","protected":false},"excerpt":{"rendered":"<p>Greyhound: FCI Gruppe 10, Standard Nr. 158: Link zum FCI Standard Die Geschichte des Greyhounds ist uralt. Er ist das Vollblut unter den Hunden und f\u00fcr viele der Windhund schlechthin. Als grosser Repr\u00e4sentant der gesamten Windhundfamilie wird er mit Recht als der schnellste Hund der Welt bezeichnet. Mit seinem scharfen Auge hetzt er das Niederwild, &hellip; <a href=\"https:\/\/gmgs.ch\/?page_id=10\" class=\"more-link\"><span class=\"screen-reader-text\">&#8220;Greyhound&#8221; <\/span>weiterlesen<\/a><\/p>\n","protected":false},"author":1,"featured_media":0,"parent":0,"menu_order":0,"comment_status":"closed","ping_status":"closed","template":"","meta":{"footnotes":""},"class_list":["post-10","page","type-page","status-publish","hentry"],"_links":{"self":[{"href":"https:\/\/gmgs.ch\/index.php?rest_route=\/wp\/v2\/pages\/10","targetHints":{"allow":["GET"]}}],"collection":[{"href":"https:\/\/gmgs.ch\/index.php?rest_route=\/wp\/v2\/pages"}],"about":[{"href":"https:\/\/gmgs.ch\/index.php?rest_route=\/wp\/v2\/types\/page"}],"author":[{"embeddable":true,"href":"https:\/\/gmgs.ch\/index.php?rest_route=\/wp\/v2\/users\/1"}],"replies":[{"embeddable":true,"href":"https:\/\/gmgs.ch\/index.php?rest_route=%2Fwp%2Fv2%2Fcomments&post=10"}],"version-history":[{"count":4,"href":"https:\/\/gmgs.ch\/index.php?rest_route=\/wp\/v2\/pages\/10\/revisions"}],"predecessor-version":[{"id":369,"href":"https:\/\/gmgs.ch\/index.php?rest_route=\/wp\/v2\/pages\/10\/revisions\/369"}],"wp:attachment":[{"href":"https:\/\/gmgs.ch\/index.php?rest_route=%2Fwp%2Fv2%2Fmedia&parent=10"}],"curies":[{"name":"wp","href":"https:\/\/api.w.org\/{rel}","templated":true}]}}